{"id":344,"date":"2019-01-21T11:18:33","date_gmt":"2019-01-21T11:18:33","guid":{"rendered":"https:\/\/fabiodagostino.it\/dagostino\/?page_id=344"},"modified":"2019-07-18T11:34:48","modified_gmt":"2019-07-18T11:34:48","slug":"cookies","status":"publish","type":"page","link":"https:\/\/www.fabiodagostino.it\/cookies\/","title":{"rendered":"COOKIES"},"content":{"rendered":"\t\t<div data-elementor-type=\"wp-post\" data-elementor-id=\"344\" class=\"elementor elementor-344 elementor-bc-flex-widget\">\n\t\t\t\t\t\t<div class=\"elementor-inner\">\n\t\t\t\t<div class=\"elementor-section-wrap\">\n\t\t\t\t\t\t\t\t\t<section class=\"elementor-section elementor-top-section elementor-element elementor-element-f11c586 elementor-section-boxed elementor-section-height-default elementor-section-height-default\" data-id=\"f11c586\" data-element_type=\"section\">\n\t\t\t\t\t\t<div class=\"elementor-container elementor-column-gap-default\">\n\t\t\t\t\t\t\t<div class=\"elementor-row\">\n\t\t\t\t\t<div class=\"elementor-column elementor-col-100 elementor-top-column elementor-element elementor-element-dfe26ea\" data-id=\"dfe26ea\" data-element_type=\"column\">\n\t\t\t<div class=\"elementor-column-wrap elementor-element-populated\">\n\t\t\t\t\t\t\t<div class=\"elementor-widget-wrap\">\n\t\t\t\t\t\t<div class=\"elementor-element elementor-element-86324f5 elementor-widget elementor-widget-text-editor\" data-id=\"86324f5\" data-element_type=\"widget\" data-widget_type=\"text-editor.default\">\n\t\t\t\t<div class=\"elementor-widget-container\">\n\t\t\t\t\t\t\t\t<div class=\"elementor-text-editor elementor-clearfix\">\n\t\t\t\t<h3><strong>COOKIES POLICY<\/strong><\/h3><p>PER DOMINIO www.fabiodagostino.it<br \/>===============================================<br \/><strong>NOTA INFORMATIVA COOKIES TECNICI E DI SESSIONE<\/strong><br \/>ai sensi dell\u2019art. 13 del D.Lgs .196\/2003<\/p><p align=\"justify\">La disciplina relativa all\u2019uso dei c.d. \u201ccookie\u201d e di altri strumenti analoghi (web beacon\/web bug, clear GIF, ecc.) nei terminali (personal computer, notebook, tablet pc, smartphone, ecc.) utilizzati dagli utenti, \u00e8 stata recentemente modificata a seguito dell\u2019attuazione della direttiva 2009\/136 che ha modificato la direttiva \u201ce-Privacy\u201d (2002\/58\/CE) e del provvedimento \u201cIndividuazione delle modalit\u00e0 semplificate per l\u2019informativa e l\u2019acquisizione del consenso per l\u2019uso dei cookie \u2013 8 maggio 2014\u201d.<\/p><p><strong>COSA SONO I COOKIE<\/strong><br \/>L\u2019utilizzo di cookie da parte del titolare di questo sito, <strong>FABIO D&#8217;AGOSTINO<\/strong>, <a href=\"mailto:info@fabiodagostino.it\">info@fabiodagostino.it<\/a>\u00a0, si inquadra nella politica Privacy dello stesso; per tutte le informazioni richieste dall\u2019art. 13 Codice della Privacy <a href=\"https:\/\/fabiodagostino.it\/privacy\/\">clicchi qui<\/a>.<br \/>I cookie sono frammenti di testo inviati all\u2019utente dal sito web visitato. Vengono memorizzati sull\u2019hard disk del computer, consentendo in questo modo al sito web di riconoscere gli utenti e memorizzare determinate informazioni su di loro, al fine di permettere o migliorare il servizio offerto.<br \/>Esistono diverse tipologie di cookie. Alcuni sono necessari per poter navigare sul Sito, altri hanno scopi diversi come garantire la sicurezza interna, amministrare il sistema, effettuare analisi statistiche, comprendere quali sono le sezioni del Sito che interessano maggiormente gli utenti od offrire una visita personalizzata del Sito. Di seguito trover\u00e0 tutte le informazioni sui cookie installati attraverso questo sito, e le indicazioni necessarie su come gestire le Sue preferenze riguardo ad essi.<\/p><p><strong>COOKIE UTILIZZATI DA QUESTO SITO<\/strong><br \/>1) <strong>Cookie tecnici presenti nel sito per cui non \u00e8 richiesto il consenso<\/strong><br \/>Tutti i cookie tecnici non richiedono consenso, perci\u00f2 vengono installati automaticamente a seguito dell\u2019accesso al sito. In questo sito internet vengono utilizzati solo cookie tecnici, cio\u00e8 quelli utilizzati al solo fine di \u201ceffettuare la trasmissione di una comunicazione su una rete di comunicazione elettronica,o nella misura strettamente necessaria al fornitore di un servizio della societ\u00e0 dell\u2019informazione esplicitamente richiesto dall\u2019abbonato o dall\u2019utente a erogare tale servizio\u201d (cfr. art. 122, comma 1, del Codice).<br \/>Essi non vengono utilizzati per scopi ulteriori e sono normalmente installati direttamente dal titolare o gestore del sito web. Possono essere suddivisi in cookie di navigazione o di sessione, che garantiscono la normale navigazione e fruizione del sito web (permettendo, ad esempio, di realizzare un acquisto o autenticarsi per accedere ad aree riservate); cookie analytics, assimilati ai cookie tecnici laddove utilizzati direttamente dal gestore del sito per raccogliere informazioni, in forma aggregata, sul numero degli utenti e su come questi visitano il sito stesso; cookie di funzionalit\u00e0, che permettono all\u2019utente la navigazione in funzione di una serie di criteri selezionati (ad esempio, la lingua, i prodotti selezionati per l\u2019acquisto) al fine di migliorare il servizio reso allo stesso.<br \/>2)<strong> Cookie presenti nel sito per cui \u00e8 richiesto il consenso<\/strong><br \/>Tutti i cookie, diversi da quelli tecnici sopra indicati, vengono installati o attivati solo a seguito del consenso espresso dall\u2019utente, la prima volta che visita il sito. Il consenso pu\u00f2 essere espresso in maniera generale, interagendo con il banner di informativa breve presente sulla pagina di approdo del sito, secondo le modalit\u00e0 indicate in tale banner (chiudendo il banner, o cliccando sul tasto OK, o scorrendo la pagina o cliccando su qualunque suo elemento); oppure pu\u00f2 essere fornito in maniera selettiva, secondo le modalit\u00e0 di seguito indicate. Di questo consenso viene tenuta traccia in occasione delle visite successive; tuttavia, l\u2019utente ha sempre la possibilit\u00e0 di revocare in tutto o in parte il consenso gi\u00e0 espresso.<\/p><p>Tra i cookie per cui \u00e8 richiesto il consenso, nel sito sono presenti:<br \/><strong>Cookie gestiti da terze parti<\/strong><br \/>Nel corso della navigazione sul sito potresti ricevere sul tuo dispositivo anche cookie che integrano funzionalit\u00e0 sviluppate da terzi come le icone e le condivisioni dei contenuti sui social network o l\u2019uso di servizi software di terze parti (come i software che generano le mappe e ulteriori software che offrono dei servizi aggiuntivi). Questi cookie sono inviati da domini di terze parti e da siti partner che offrono le loro funzionalit\u00e0 tra le pagine del sito. In altre parole, detti cookies sono impostati direttamente da gestori di siti web o server diversi dal sito. Questo tipo di cookie ricadono sotto diretta e esclusiva responsabilit\u00e0 della stessa terza parte. L\u2019Utente \u00e8 quindi invitato a consultare le informazioni sulla privacy e sull\u2019utilizzo di cookie di terze parti direttamente sul sito internet dei rispettivi gestori, di seguito elencati.<br \/><br \/><strong>Google<\/strong><br \/>Il sito si avvale di alcuni servizi della societ\u00e0 Google, Inc. in particolare Google Maps, Google Analytics, per la generazione di statistiche sull\u2019utilizzo del portale web.<br \/>Per maggiori informazioni sul trattamento dei dati personali da parte di Google consultare la pagina <a href=\"http:\/\/www.google.it\/intl\/it\/policies\/privacy\/\" target=\"_blank\" rel=\"noopener\">Norme sulla privacy<\/a>.<br \/>Ulteriori informazioni sulla privacy e sull\u2019uso dei cookie di Google Analytics sono reperibili direttamente sul sito web di Google Analytics al seguente link: <a href=\"http:\/\/www.google.com\/intl\/it_ALL\/analytics\/learn\/privacy.html\" target=\"_blank\" rel=\"noopener\">http:\/\/www.google.com\/intl\/it_ALL\/analytics\/learn\/privacy.html<\/a><br \/>Google mette a disposizione anche una componente specifica per la <a href=\"https:\/\/tools.google.com\/dlpage\/gaoptout?hl=it\" target=\"_blank\" rel=\"noopener\">disattivazione di Google Analytics<\/a>.<br \/>Luogo del trattamento: USA<br \/><br \/><strong>ShinyStat<\/strong><br \/>Per maggiori informazioni sul trattamento dei dati personali da parte di Shinystat consultare la pagina <a href=\"http:\/\/www.shinystat.com\/it\/informativa_sito.html\" target=\"_blank\" rel=\"noopener\">http:\/\/www.shinystat.com\/it\/informativa_sito.html<\/a><\/p><p><strong>Facebook<\/strong><br \/>Il sito consente la condivisione di contenuti con il social network Facebook, servizio fornito da Facebook Inc.<br \/>Per maggiori informazioni sul trattamento dei dati personali da parte di Facebook consultare la pagina <a href=\"https:\/\/it-it.facebook.com\/policies\/cookies\/\" target=\"_blank\" rel=\"noopener\">Normativa sui dati<\/a>.<br \/>Luogo del trattamento: USA<\/p><p><strong>COME PRESTO IL MIO CONSENSO ALL\u2019ACCETTAZIONE DEI COOKIE<\/strong><br \/>Chiudendo il banner informativo mostrato alla prima visita sul Sito, scorrendo la pagina o cliccando qualunque suo elemento acconsenti all\u2019uso dei cookie.<\/p><p><strong>COME MODIFICARE LE PREFERENZE SUI COOKIE<\/strong><br \/>La maggior parte dei browser accetta automaticamente i cookie, ma l\u2019utente normalmente pu\u00f2 modificare le impostazioni per disabilitare tale funzione. \u00c8 possibile bloccare tutte le tipologie di cookie, oppure accettare di riceverne soltanto alcuni e disabilitarne altri. La sezione \u201cOpzioni\u201d o \u201cPreferenze\u201d nel menu del browser permettono di evitare di ricevere cookie e altre tecnologie di tracciamento utente, e come ottenere notifica dal browser dell\u2019attivazione di queste tecnologie. In alternativa, \u00e8 anche possibile consultare la sezione \u201cAiuto\u201d della barra degli strumenti presente nella maggior parte dei browser.<br \/><strong>MOZILLA FIREFOX<\/strong> <a href=\"https:\/\/support.mozilla.org\/it\/kb\/Gestione%20dei%20cookie\" target=\"_blank\" rel=\"noopener\">https:\/\/support.mozilla.org\/it\/kb\/Gestione%20dei%20cookie<\/a><br \/><strong>GOOGLE CHROME<\/strong> <a href=\"https:\/\/support.google.com\/chrome\/answer\/95647?hl=it\" target=\"_blank\" rel=\"noopener\">https:\/\/support.google.com\/chrome\/answer\/95647?hl=it<\/a><br \/><strong>INTERNET EXPLORER<\/strong> <a href=\"http:\/\/windows.microsoft.com\/it-it\/internet-explorer\/delete-manage-cookies\" target=\"_blank\" rel=\"noopener\">http:\/\/windows.microsoft.com\/it-it\/internet-explorer\/delete-manage-cookies<\/a><br \/><strong>APPLE SAFARI<\/strong> <a href=\"http:\/\/www.apple.com\/it\/privacy\/use-of-cookies\/\" target=\"_blank\" rel=\"noopener\">http:\/\/www.apple.com\/it\/privacy\/use-of-cookies\/<\/a><br \/><strong>OPERA<\/strong> <a href=\"http:\/\/help.opera.com\/Windows\/10.00\/it\/cookies.html\" target=\"_blank\" rel=\"noopener\">http:\/\/help.opera.com\/Windows\/10.00\/it\/cookies.html <\/a><br \/>Per maggiori informazioni sui cookie e per gestire le preferenze sui cookie (di prima e\/o terza parte) si invitano gli utenti a visitare anche la piattaforma <a href=\"http:\/\/www.youronlinechoices.com\" target=\"_blank\" rel=\"noopener\">www.youronlinechoices.com<\/a>. Si ricorda per\u00f2 che la disabilitazione dei cookie di navigazione o quelli funzionali pu\u00f2 causare il malfunzionamento del Sito e\/o limitare il servizio offerto.<br \/>Se non conosce il tipo e la versione di browser che sta utilizzando, La invitiamo a cliccare sul tasto \u201cAiuto\u201d nella finestra del browser in alto, da cui pu\u00f2 accedere a tutte le informazioni necessarie.<br \/>Per l\u2019installazione dei cookie tecnici e di sessione non \u00e8 richiesto il preventivo consenso degli utenti, mentre resta fermo l\u2019obbligo di dare l\u2019informativa ai sensi dell\u2019art. 13 del Codice, che il gestore del sito, qualora utilizzi soltanto tali dispositivi, potr\u00e0 fornire con le modalit\u00e0 che ritiene pi\u00f9 idonee.<br \/>L\u2019acquisizione e il trattamento dei dati derivanti dall\u2019utilizzo dei cookies tecnici \u00e8 obbligatorio per la consultazione dei sito internet. In caso di Vs opposizione non sar\u00e0 possibile la visione completa e corretta del sito internet aziendale.<br \/>Esclusi i cookie tecnici, la regola generale per \u201cL\u2019archiviazione delle informazioni nell\u2019apparecchio terminale di un contraente o di un utente o l\u2019accesso a informazioni gi\u00e0 archiviate\u201d resta quella del consenso preventivo e informato dell\u2019utente (opt-in). Ci\u00f2 vuol dire che tutti i cookie non qualificabili come \u201ctecnici\u201d che presentano peraltro maggiori criticit\u00e0 dal punto di vista della protezione della sfera privata degli utenti, come ad esempio, quelli usati per finalit\u00e0 di profilazione e marketing non possono essere installati sui terminali degli utenti stessi se questi non siano stati prima adeguatamente informati e non abbiano prestato al riguardo un valido consenso.<br \/>Fatta questa premessa, si ribadisce che nessun dato personale degli utenti viene in proposito acquisito dal sito. Non viene fatto uso di cookies per la trasmissione di informazioni di carattere personale, n\u00e9 vengono utilizzati c.d. cookies persistenti di alcun tipo, ovvero sistemi per il tracciamento degli utenti.<br \/>L\u2019uso di c.d. cookies di sessione (che non vengono memorizzati in modo persistente sul computer dell\u2019utente e svaniscono con la chiusura del browser) \u00e8 strettamente limitato alla trasmissione di identificativi di sessione (costituiti da numeri casuali generati dal server) necessari per consentire l\u2019esplorazione sicura ed efficiente del sito.<br \/>I c.d. cookies di sessione utilizzati in questo sito evitano il ricorso ad altre tecniche informatiche potenzialmente pregiudizievoli per la riservatezza della navigazione degli utenti e non consentono l\u2019acquisizione di dati personali identificativi dell\u2019utente.<br \/>Non sono utilizzate in alcun modo tecniche informatiche per l\u2019acquisizione diretta di dati personali identificativi dell\u2019utente.<br \/>I c.d. cookies di sessione, una volta terminata la connessione al sito web non vengono conservati. I sistemi informatici non utilizzano pertanto cookies per la trasmissione di informazioni di carattere personale ne cookies persistenti di alcun tipo.<br \/>In base al D.Lgs .196\/2003 il trattamento sar\u00e0 improntato ai principi di correttezza, liceit\u00e0 e trasparenza e di tutela della Sua riservatezza e dei Suoi diritti. I dati anonimi sono trattati dai responsabili e incaricati del trattamento per il corretto adempimento delle finalit\u00e0 indicate. Tali dati non sono soggetti a diffusione.<\/p><p><strong>CONTATTI<\/strong><br \/>Per qualsiasi chiarimento:<br \/><strong>FABIO D&#8217;AGOSTINO<br \/><\/strong><br \/><a href=\"mailto:info@fabiodagostino.it\">info@fabiodagostino.it<\/a><\/p><p>\u00a0<br \/>\u00a0<\/p>\t\t\t\t\t<\/div>\n\t\t\t\t\t\t<\/div>\n\t\t\t\t<\/div>\n\t\t\t\t\t\t<\/div>\n\t\t\t\t\t<\/div>\n\t\t<\/div>\n\t\t\t\t\t\t\t\t<\/div>\n\t\t\t\t\t<\/div>\n\t\t<\/section>\n\t\t\t\t\t\t\t\t\t<\/div>\n\t\t\t<\/div>\n\t\t\t\t\t<\/div>\n\t\t","protected":false},"excerpt":{"rendered":"<p>COOKIES POLICY PER DOMINIO www.fabiodagostino.it =============================================== NOTA INFORMATIVA COOKIES TECNICI E DI SESSIONE ai sensi dell\u2019art. 13 del D.Lgs .196\/2003 La disciplina relativa all\u2019uso dei c.d. \u201ccookie\u201d e di altri strumenti analoghi (web beacon\/web bug, clear GIF, ecc.) nei terminali &hellip; <a href=\"https:\/\/www.fabiodagostino.it\/cookies\/\">Continued<\/a><\/p>\n","protected":false},"author":1,"featured_media":0,"parent":0,"menu_order":0,"comment_status":"closed","ping_status":"closed","template":"page-templates\/page_front-page.php","meta":[],"_links":{"self":[{"href":"https:\/\/www.fabiodagostino.it\/wp-json\/wp\/v2\/pages\/344"}],"collection":[{"href":"https:\/\/www.fabiodagostino.it\/wp-json\/wp\/v2\/pages"}],"about":[{"href":"https:\/\/www.fabiodagostino.it\/wp-json\/wp\/v2\/types\/page"}],"author":[{"embeddable":true,"href":"https:\/\/www.fabiodagostino.it\/wp-json\/wp\/v2\/users\/1"}],"replies":[{"embeddable":true,"href":"https:\/\/www.fabiodagostino.it\/wp-json\/wp\/v2\/comments?post=344"}],"version-history":[{"count":13,"href":"https:\/\/www.fabiodagostino.it\/wp-json\/wp\/v2\/pages\/344\/revisions"}],"predecessor-version":[{"id":367,"href":"https:\/\/www.fabiodagostino.it\/wp-json\/wp\/v2\/pages\/344\/revisions\/367"}],"wp:attachment":[{"href":"https:\/\/www.fabiodagostino.it\/wp-json\/wp\/v2\/media?parent=344"}],"curies":[{"name":"wp","href":"https:\/\/api.w.org\/{rel}","templated":true}]}}