{"id":357,"date":"2019-01-21T11:38:06","date_gmt":"2019-01-21T11:38:06","guid":{"rendered":"https:\/\/fabiodagostino.it\/dagostino\/?page_id=357"},"modified":"2022-08-12T14:51:09","modified_gmt":"2022-08-12T14:51:09","slug":"privacy","status":"publish","type":"page","link":"https:\/\/www.fabiodagostino.it\/privacy\/","title":{"rendered":"PRIVACY"},"content":{"rendered":"\t\t<div data-elementor-type=\"wp-post\" data-elementor-id=\"357\" class=\"elementor elementor-357\">\n\t\t\t\t\t\t<div class=\"elementor-inner\">\n\t\t\t\t<div class=\"elementor-section-wrap\">\n\t\t\t\t\t\t\t\t\t<section class=\"elementor-section elementor-top-section elementor-element elementor-element-6d053d4 elementor-section-boxed elementor-section-height-default elementor-section-height-default\" data-id=\"6d053d4\" data-element_type=\"section\">\n\t\t\t\t\t\t<div class=\"elementor-container elementor-column-gap-default\">\n\t\t\t\t\t\t\t<div class=\"elementor-row\">\n\t\t\t\t\t<div class=\"elementor-column elementor-col-100 elementor-top-column elementor-element elementor-element-d604ba5\" data-id=\"d604ba5\" data-element_type=\"column\">\n\t\t\t<div class=\"elementor-column-wrap elementor-element-populated\">\n\t\t\t\t\t\t\t<div class=\"elementor-widget-wrap\">\n\t\t\t\t\t\t<div class=\"elementor-element elementor-element-0d1a476 elementor-widget elementor-widget-text-editor\" data-id=\"0d1a476\" data-element_type=\"widget\" data-widget_type=\"text-editor.default\">\n\t\t\t\t<div class=\"elementor-widget-container\">\n\t\t\t\t\t\t\t\t<div class=\"elementor-text-editor elementor-clearfix\">\n\t\t\t\t<h3><strong>INFORMATIVA PRIVACY.<\/strong><\/h3><p><em>In questa pagina \u00e8 spiegato come, quando e perch\u00e9 raccogliamo i dati personali, come li conserviamo e come revocare o modificare il consenso.<\/em><br \/>Se hai dubbi o hai bisogno di qualsiasi informazione puoi scrivere una mail a <a href=\"mailto:info@fabiodagostino.it\">info@fabiodagostino.it<\/a>.<br \/>===================================================<\/p><p><strong>Informativa ai sensi e per gli effetti di cui agli artt. 13 e ss. del Regolamento UE n. 679\/2016 del 27 aprile 2016, (General Data Protection Regulation \u2013 G.D.P.R.) \u201crelativo alla protezione delle persone fisiche con riguardo al trattamento dei dati personali, nonch\u00e9 alla libera circolazione di tali dati (regolamento generale sulla protezione dei dati)\u201d.<\/strong><br \/>Attuando la procedura di consultazione delle pagine del sito e\/o registrazione ai nostri servizi, gli utenti comunicano volontariamente a FABIO D&#8217;AGOSTINO, Titolare del trattamento, i propri dati personali. I dati personali inviati saranno trattati nel rispetto dei principi di protezione dei dati personali stabiliti dal Regolamento UE n. 679\/2016 e dalle altre norme vigenti in materia.<br \/>FABIO D&#8217;AGOSTINO si impegna costantemente per tutelare la privacy on-line dei suoi utenti.<\/p><p>===================================================<br \/>La Privacy Policy \u00e8 resa solo per il Sito e non anche per altri siti web eventualmente consultati dall&#8217;utente tramite link presenti sul Sito.<\/p><p><strong>IL TITOLARE DEL TRATTAMENTO<\/strong><br \/>A seguito della consultazione di questo sito possono essere trattati dati relativi a persone identificate o identificabili. Il titolare del loro trattamento \u00e8 FABIO D&#8217;AGOSTINO<\/p><p><strong>\u00a0<\/strong><br \/><a href=\"mailto:info@fabiodagostino.it\">info@fabiodagostino.it<\/a><\/p><p><strong>LUOGO DI TRATTAMENTO DEI DATI<\/strong><br \/>I trattamenti connessi ai servizi web di questo sito hanno luogo presso la predetta sede della Societ\u00e0 e sono curati dal personale della Societ\u00e0 e\/o da incaricati esterni di operazioni di manutenzione e aggiornamento. Nessun dato derivante dal servizio web viene comunicato o diffuso. I dati personali (identificabili in &#8220;Dati comuni&#8221; secondo la normativa) forniti dagli utenti che inoltrano richieste di servizi, prestazioni o informazioni sono utilizzati al solo fine di eseguire il servizio o la prestazione richiesta o di fornire le informazioni.<\/p><p><strong>TIPI DI DATI TRATTATI<\/strong><br \/>Dati di navigazione<br \/>I sistemi informatici e le procedure software preposte al funzionamento di questo sito web acquisiscono, nel corso del loro normale esercizio, alcuni dati personali la cui trasmissione \u00e8 implicita nell&#8217;uso dei protocolli di comunicazione di Internet. Si tratta di informazioni che non sono raccolte per essere associate a interessati identificati, ma che per loro stessa natura potrebbero, attraverso elaborazioni ed associazioni con dati detenuti da terzi, permettere di identificare l&#8217;utente. In questa categoria di dati rientrano gli indirizzi IP o i nomi a dominio dei computer utilizzati dagli utenti che si connettono al sito, gli indirizzi in notazione URI (Uniform Resource Identifier) delle risorse richieste, l&#8217;orario della richiesta, il metodo utilizzato nel sottoporre la richiesta al server, la dimensione del file ottenuto in risposta, il codice numerico indicante lo stato della risposta data dal server (buon fine, errore, ecc.) ed altri parametri relativi al sistema operativo e all&#8217;ambiente informatico dell&#8217;utente.<br \/>Questi dati vengono utilizzati al solo fine di ricavare informazioni statistiche anonime sull&#8217;uso del sito e per controllarne il corretto funzionamento. I dati potrebbero essere utilizzati per l&#8217;accertamento di responsabilit\u00e0 in caso di ipotetici reati informatici ai danni del sito.<\/p><p><strong>DATI FORNITI VOLONTARIAMENTE DALL&#8217;UTENTE<\/strong><br \/>L&#8217;invio facoltativo, esplicito e volontario di posta elettronica agli indirizzi indicati su questo sito comporta la successiva acquisizione dell&#8217;indirizzo del mittente, necessario per rispondere alle richieste di servizi e\/o informazioni.<\/p><p><strong>COOKIES<\/strong><br \/>Nessun dato personale degli utenti viene in proposito acquisito dal sito.<br \/>Non viene fatto uso di cookies per la trasmissione di informazioni di carattere personale, n\u00e9 vengono utilizzati c.d. cookies persistenti di alcun tipo, ovvero sistemi per il tracciamento degli utenti.<br \/>L&#8217;uso di c.d. cookies di sessione (che non vengono memorizzati in modo persistente sul computer dell&#8217;utente e svaniscono con la chiusura del browser) \u00e8 strettamente limitato alla trasmissione di identificativi di sessione (costituiti da numeri casuali generati dal server) necessari per consentire l&#8217;esplorazione sicura ed efficiente del sito.<br \/>I c.d. cookies di sessione utilizzati in questo sito evitano il ricorso ad altre tecniche informatiche potenzialmente pregiudizievoli per la riservatezza della navigazione degli utenti e non consentono l&#8217;acquisizione di dati personali identificativi dell&#8217;utente.<\/p><p><strong>STATISTICHE<\/strong><br \/>Questo sito web fa uso di &#8220;Google Analytics&#8221; un servizio di analisi di siti web (per le statistiche, contatore visite, studio webmarketing, ect&#8230;).<br \/>Il servizio \u00e8 erogato da Google Inc. (USA) denominato Google Analytics consiste nella rilevazione del caricamento dei browser che &#8220;navigano&#8221; un determinato sito web all&#8217;interno del quale sia stato preventivamente inserito il codice &#8220;javascript&#8221; di funzionamento del servizio stesso.<br \/>Se desideri ulteriori informazioni sul servizio Google Analitycs erogato da Google Inc. (USA), ti invitiamo a consultare l&#8217;informativa sulla privacy fornita al seguente link <a href=\"http:\/\/www.google.it\/intl\/it\/policies\/privacy\/\" target=\"_blank\" rel=\"noopener\">http:\/\/www.google.it\/intl\/it\/policies\/privacy\/<\/a><\/p><p>In relazione alla suddetta normativa, Google Inc. (USA) precisa che nella configurazione attuale della servizio di Google Analytics, inserito in questo sito, i cookie che garantiscono il servizio sono in regime di OPT-OUT ( rilevazioni statistiche aggregate). Qualora il navigatore desideri rendere non rilevabili i dati di navigazione trattati da Google Analitycs, pu\u00f2 effettuare l&#8217;opt-out e gestire le opzioni, cliccando sul link qui di seguito indicato: <a href=\"http:\/\/tools.google.com\/dlpage\/gaoptout\" target=\"_blank\" rel=\"noopener\">http:\/\/tools.google.com\/dlpage\/gaoptout<\/a><\/p><p><strong>FACOLTATIVITA&#8217; DEL CONFERIMENTO DEI DATI<\/strong><br \/>A parte quanto specificato per i dati di navigazione, l&#8217;utente \u00e8 libero di fornire i dati personali nei moduli di richiesta o comunque indicati nella sezione &#8220;contatti&#8221; per sollecitare l&#8217;invio di informazioni. Il loro mancato conferimento pu\u00f2 comportare l&#8217;impossibilit\u00e0 di ottenere quanto richiesto.<\/p><p><strong>MODALITA&#8217; DEL TRATTAMENTO<\/strong><br \/>I dati personali sono trattati dai responsabili e incaricati del trattamento debitamente nominati, o da titolari autonomi del trattamento, con strumenti elettronici e archivi cartacei per il tempo strettamente necessario a conseguire gli scopi per cui sono stati raccolti e in ossequio a disposizioni di legge mediante, nonch\u00e9 con l&#8217;impiego di misure di sicurezza atte a garantire la riservatezza dei dati personali e ad evitare indebiti accessi a soggetti non autorizzati.<br \/>Tali dati non sono soggetti a diffusione. I dati personali sono trattati secondo principi di correttezza, liceit\u00e0 e trasparenza.<\/p><p><strong>DIRITTI DEGLI INTERESSATI<\/strong><br \/>L\u2019 utente\/Interessato potr\u00e0 esercitare in ogni momento i diritti previsti agli articoli 15-22 GDPR contattando il Titolare del presente sito.<br \/>Riportiamo di seguito l\u2019estratto dell\u2019articolo 15 Reg Eu 2016\/679, relativo al Vostro diritto di accesso nei nostri confronti per ricordarVi che potete ottenere le seguenti informazioni:<br \/>\u201cL\u2019interessato ha il diritto di ottenere dal titolare del trattamento la conferma che sia o meno in corso un trattamento di dati personali che lo riguardano e in tal caso, di ottenere l\u2019accesso ai dati personali e alle seguenti informazioni:<br \/>a) le finalit\u00e0 del trattamento;<br \/>b) le categorie di dati personali in questione;<br \/>c) i destinatari o le categorie di destinatari a cui i dati personali sono stati o saranno comunicati, in particolare se destinatari di paesi terzi o organizzazioni internazionali;<br \/>d) quando possibile, il periodo di conservazione dei dati personali previsto oppure, se non \u00e8 possibile, i criteri utilizzati per determinare tale periodo;<br \/>e) l\u2019esistenza del diritto dell\u2019interessato di chiedere al titolare del trattamento la rettifica o la cancellazione dei dati personali o la limitazione del trattamento dei dati personali che lo riguardano o di opporsi al loro trattamento;<br \/>f) il diritto di proporre reclamo a un\u2019autorit\u00e0 di controllo;<br \/>g) qualora i dati non siano raccolti presso l\u2019interessato, tutte le informazioni disponibili sulla loro origine\u201d.<br \/>Inoltre, l\u2019Interessato ha il diritto:<br \/>&#8211; di ottenere dal titolare del trattamento la rettifica dei dati personali inesatti che lo riguardano senza ingiustificato ritardo, ai sensi dell\u2019art. 16 Reg. UE 2016\/679;<br \/>&#8211; di ottenere cancellazione dei dati personali che lo riguardano senza giustificato ritardo ove sussiste uno dei motivi elencati all\u2019art. 17 Reg. UE 2016\/679;<br \/>&#8211; alla limitazione del trattamento quando ricorre una delle ipotesi descritte all\u2019art. 18 Reg. UE 2016\/679;<br \/>&#8211; di opporsi in qualsiasi momento al trattamento dei dati che lo riguardano nei casi di cui all\u2019art. 21 Reg. UE 2016\/679;<br \/>&#8211; di ricevere in un formato strutturato, di uso comune e leggibile da dispositivo automatico i dati personali che lo riguardano forniti ad un titolare del trattamento e di trasmettere tali dati ad un altro titolare del trattamento senza impedimenti da parte del titolare del trattamento cui li ha forniti, nei casi previsti dall\u2019art. 20 Reg. UE 2016\/679;<br \/>&#8211; di revocare il consenso in qualsiasi momento, qualora il trattamento sia esclusivamente basato sull\u2019art. 6, paragrafo 1, lettera a), oppure sull\u2019art. 9, paragrafo 2, lettera a), in ogni caso senza pregiudicare la liceit\u00e0 del trattamento basata sul consenso prestato prima della revoca;<br \/>&#8211; di proporre reclamo, ai sensi dell\u2019art. 77 Reg. UE 2016\/679, all\u2019Autorit\u00e0 di Controllo competente Garante Privacy, segnatamente nello Stato membro UE in cui risiede abitualmente, lavora, oppure del luogo ove si \u00e8 verificata la presunta violazione, oltre all\u2019ordinario diritto di proporre un ricorso giurisdizionale effettivo, ai sensi dell\u2019art. 79 Reg. Ue 2016\/679, qualora ritenga che i diritti di cui gode a norma del Regolamento UE suddetto siano stati violati a seguito di un trattamento.<\/p><p><strong>PERIODO DI CONSERVAZIONE DEI DATI<\/strong><br \/>Il periodo di conservazione dei dati personali di cui sopra \u00e8 in linea con le previsioni normative vigenti: in osservanza dei principi di minimizzazione, proporzionalit\u00e0 e necessit\u00e0, i dati non saranno conservati per periodi pi\u00f9 lunghi rispetto a quelli indispensabili alla realizzazione delle finalit\u00e0 sopra indicate e, dunque, al servizio offerto o alle specifiche norme di legge (ad es. vige nel nostro Ordinamento giuridico un termine di almeno 10 anni in materia di conservazione documenti amministrativi aziendali).<br \/>In ogni caso, l\u2019azienda provveder\u00e0 senza ritardo alla cancellazione sicura o anonimizzazione in maniera irreversibile dei dati nel momento in cui la conservazione dei dati personali non risulti ulteriormente giustificata.<\/p><p><strong>MODIFICHE PRIVACY POLICY<\/strong><br \/>La presente informativa potrebbe essere soggetta a modifiche.<br \/>Qualora vengano apportate modifiche sostanziali all\u2019utilizzo dei dati personali da parte del Titolare del trattamento, ovvero quest\u2019ultimo intenda trattare ulteriormente i dati personali per una finalit\u00e0 diversa da quella per cui essi sono stati raccolti, quest\u2019ultimo sar\u00e0 tenuto ad informare previamente e nuovamente gli Interessati.<\/p><p><strong>Le richieste vanno rivolte a:<br \/>FABIO D&#8217;AGOSTINO<\/strong><\/p><p><strong>\u00a0<\/strong><br \/><a href=\"mailto:info@fabiodagostino.it\">info@fabiodagostino.it<\/a><\/p><p>\u00a0<\/p>\t\t\t\t\t<\/div>\n\t\t\t\t\t\t<\/div>\n\t\t\t\t<\/div>\n\t\t\t\t\t\t<\/div>\n\t\t\t\t\t<\/div>\n\t\t<\/div>\n\t\t\t\t\t\t\t\t<\/div>\n\t\t\t\t\t<\/div>\n\t\t<\/section>\n\t\t\t\t\t\t\t\t\t<\/div>\n\t\t\t<\/div>\n\t\t\t\t\t<\/div>\n\t\t","protected":false},"excerpt":{"rendered":"<p>INFORMATIVA PRIVACY. In questa pagina \u00e8 spiegato come, quando e perch\u00e9 raccogliamo i dati personali, come li conserviamo e come revocare o modificare il consenso.Se hai dubbi o hai bisogno di qualsiasi informazione puoi scrivere una mail a info@fabiodagostino.it.=================================================== Informativa &hellip; <a href=\"https:\/\/www.fabiodagostino.it\/privacy\/\">Continued<\/a><\/p>\n","protected":false},"author":1,"featured_media":0,"parent":0,"menu_order":0,"comment_status":"closed","ping_status":"closed","template":"page-templates\/page_front-page.php","meta":[],"_links":{"self":[{"href":"https:\/\/www.fabiodagostino.it\/wp-json\/wp\/v2\/pages\/357"}],"collection":[{"href":"https:\/\/www.fabiodagostino.it\/wp-json\/wp\/v2\/pages"}],"about":[{"href":"https:\/\/www.fabiodagostino.it\/wp-json\/wp\/v2\/types\/page"}],"author":[{"embeddable":true,"href":"https:\/\/www.fabiodagostino.it\/wp-json\/wp\/v2\/users\/1"}],"replies":[{"embeddable":true,"href":"https:\/\/www.fabiodagostino.it\/wp-json\/wp\/v2\/comments?post=357"}],"version-history":[{"count":10,"href":"https:\/\/www.fabiodagostino.it\/wp-json\/wp\/v2\/pages\/357\/revisions"}],"predecessor-version":[{"id":390,"href":"https:\/\/www.fabiodagostino.it\/wp-json\/wp\/v2\/pages\/357\/revisions\/390"}],"wp:attachment":[{"href":"https:\/\/www.fabiodagostino.it\/wp-json\/wp\/v2\/media?parent=357"}],"curies":[{"name":"wp","href":"https:\/\/api.w.org\/{rel}","templated":true}]}}